{"id":5040,"date":"2024-08-19T03:34:49","date_gmt":"2024-08-19T00:34:49","guid":{"rendered":"https:\/\/home.sadullahoglu.com\/?page_id=5040"},"modified":"2024-08-20T00:07:43","modified_gmt":"2024-08-19T21:07:43","slug":"magaza-bilgilerimiz","status":"publish","type":"page","link":"https:\/\/home.sadullahoglu.com\/ru\/magaza-bilgilerimiz\/","title":{"rendered":"\u0418\u043d\u0444\u043e\u0440\u043c\u0430\u0446\u0438\u044f \u043e \u043d\u0430\u0448\u0435\u043c \u043c\u0430\u0433\u0430\u0437\u0438\u043d\u0435"},"content":{"rendered":"<div data-elementor-type=\"wp-page\" data-elementor-id=\"5040\" class=\"elementor elementor-5040\" data-elementor-post-type=\"page\">\n\t\t\t\t<div class=\"elementor-element elementor-element-15732aa e-flex e-con-boxed e-con e-parent\" data-id=\"15732aa\" data-element_type=\"container\">\n\t\t\t\t\t<div class=\"e-con-inner\">\n\t\t\t\t<div class=\"elementor-element elementor-element-b03c7ae elementor-widget elementor-widget-heading\" data-id=\"b03c7ae\" data-element_type=\"widget\" data-widget_type=\"heading.default\">\n\t\t\t\t<div class=\"elementor-widget-container\">\n\t\t\t<style>\/*! elementor - v3.23.0 - 05-08-2024 *\/\n.elementor-heading-title{padding:0;margin:0;line-height:1}.elementor-widget-heading .elementor-heading-title[class*=elementor-size-]>a{color:inherit;font-size:inherit;line-height:inherit}.elementor-widget-heading .elementor-heading-title.elementor-size-small{font-size:15px}.elementor-widget-heading .elementor-heading-title.elementor-size-medium{font-size:19px}.elementor-widget-heading .elementor-heading-title.elementor-size-large{font-size:29px}.elementor-widget-heading .elementor-heading-title.elementor-size-xl{font-size:39px}.elementor-widget-heading .elementor-heading-title.elementor-size-xxl{font-size:59px}<\/style><h2 class=\"elementor-heading-title elementor-size-default\">\u0418\u043d\u0444\u043e\u0440\u043c\u0430\u0446\u0438\u044f \u043e \u043d\u0430\u0448\u0435\u043c \u043c\u0430\u0433\u0430\u0437\u0438\u043d\u0435\n<\/h2>\t\t<\/div>\n\t\t\t\t<\/div>\n\t\t\t\t<div class=\"elementor-element elementor-element-6c50322 elementor-widget elementor-widget-text-editor\" data-id=\"6c50322\" data-element_type=\"widget\" data-widget_type=\"text-editor.default\">\n\t\t\t\t<div class=\"elementor-widget-container\">\n\t\t\t<style>\/*! elementor - v3.23.0 - 05-08-2024 *\/\n.elementor-widget-text-editor.elementor-drop-cap-view-stacked .elementor-drop-cap{background-color:#69727d;color:#fff}.elementor-widget-text-editor.elementor-drop-cap-view-framed .elementor-drop-cap{color:#69727d;border:3px solid;background-color:transparent}.elementor-widget-text-editor:not(.elementor-drop-cap-view-default) .elementor-drop-cap{margin-top:8px}.elementor-widget-text-editor:not(.elementor-drop-cap-view-default) .elementor-drop-cap-letter{width:1em;height:1em}.elementor-widget-text-editor .elementor-drop-cap{float:left;text-align:center;line-height:1;font-size:50px}.elementor-widget-text-editor .elementor-drop-cap-letter{display:inline-block}<\/style>\t\t\t\t<p class=\"has-text-align-center\"><strong>\u0410\u043b\u0430\u043d\u0438\u044f Alfemo \u0412\u044b\u0441\u0442\u0430\u0432\u043e\u0447\u043d\u044b\u0439 \u0437\u0430\u043b \u041c\u0430\u0433\u0430\u0437\u0438\u043d<br \/><\/strong>\u0414\u0436\u0443\u043c\u0445\u0443\u0440\u0438\u0435\u0442 \u041c\u0430\u0445. \u041f\u0440\u0438\u0432\u0435\u0442, \u0443\u043b\u0438\u0446\u0430. \u041e\u0431\u0430 \u041a\u0430\u0434. \u2116:2\/\u0410<br \/>\u0410\u043b\u0430\u043d\u044c\u044f \/ \u0410\u043d\u0442\u0430\u043b\u044c\u044f<br \/>\u0422\u0435\u043b\u0435\u0444\u043e\u043d: 0242 515 17 17<\/p>\t\t\t\t\t\t<\/div>\n\t\t\t\t<\/div>\n\t\t\t\t\t<\/div>\n\t\t\t\t<\/div>\n\t\t\t\t<\/div>","protected":false},"excerpt":{"rendered":"<p>Ma\u011faza Bilgilerimiz Alanya Alfemo Showroom Ma\u011fazaCumhuriyet Mah. Selam Sokak. Oba Cad. No:2\/AAlanya \/ AntalyaTelefon: 0242 515 17 17<\/p>","protected":false},"author":1,"featured_media":0,"parent":0,"menu_order":0,"comment_status":"closed","ping_status":"closed","template":"","meta":{"footnotes":""},"class_list":["post-5040","page","type-page","status-publish","hentry"],"yoast_head":"<!-- This site is optimized with the Yoast SEO plugin v23.2 - https:\/\/yoast.com\/wordpress\/plugins\/seo\/ -->\n<title>Ma\u011faza Bilgilerimiz - Sadullaho\u011flu | Home<\/title>\n<meta name=\"robots\" content=\"index, follow, max-snippet:-1, max-image-preview:large, max-video-preview:-1\" \/>\n<link rel=\"canonical\" href=\"https:\/\/home.sadullahoglu.com\/ru\/magaza-bilgilerimiz\/\" \/>\n<meta property=\"og:locale\" content=\"ru_RU\" \/>\n<meta property=\"og:type\" content=\"article\" \/>\n<meta property=\"og:title\" content=\"Ma\u011faza Bilgilerimiz - Sadullaho\u011flu | Home\" \/>\n<meta property=\"og:description\" content=\"Ma\u011faza Bilgilerimiz Alanya Alfemo Showroom Ma\u011fazaCumhuriyet Mah. Selam Sokak. Oba Cad. No:2\/AAlanya \/ AntalyaTelefon: 0242 515 17 17\" \/>\n<meta property=\"og:url\" content=\"https:\/\/home.sadullahoglu.com\/ru\/magaza-bilgilerimiz\/\" \/>\n<meta property=\"og:site_name\" content=\"Sadullaho\u011flu | Home\" \/>\n<meta property=\"article:modified_time\" content=\"2024-08-19T21:07:43+00:00\" \/>\n<meta name=\"twitter:card\" content=\"summary_large_image\" \/>\n<meta name=\"twitter:label1\" content=\"\u041f\u0440\u0438\u043c\u0435\u0440\u043d\u043e\u0435 \u0432\u0440\u0435\u043c\u044f \u0434\u043b\u044f \u0447\u0442\u0435\u043d\u0438\u044f\" \/>\n\t<meta name=\"twitter:data1\" content=\"1 \u043c\u0438\u043d\u0443\u0442\u0430\" \/>\n<script type=\"application\/ld+json\" class=\"yoast-schema-graph\">{\"@context\":\"https:\/\/schema.org\",\"@graph\":[{\"@type\":\"WebPage\",\"@id\":\"https:\/\/home.sadullahoglu.com\/magaza-bilgilerimiz\/\",\"url\":\"https:\/\/home.sadullahoglu.com\/magaza-bilgilerimiz\/\",\"name\":\"Ma\u011faza Bilgilerimiz - Sadullaho\u011flu | Home\",\"isPartOf\":{\"@id\":\"https:\/\/home.sadullahoglu.com\/#website\"},\"datePublished\":\"2024-08-19T00:34:49+00:00\",\"dateModified\":\"2024-08-19T21:07:43+00:00\",\"breadcrumb\":{\"@id\":\"https:\/\/home.sadullahoglu.com\/magaza-bilgilerimiz\/#breadcrumb\"},\"inLanguage\":\"ru-RU\",\"potentialAction\":[{\"@type\":\"ReadAction\",\"target\":[\"https:\/\/home.sadullahoglu.com\/magaza-bilgilerimiz\/\"]}]},{\"@type\":\"BreadcrumbList\",\"@id\":\"https:\/\/home.sadullahoglu.com\/magaza-bilgilerimiz\/#breadcrumb\",\"itemListElement\":[{\"@type\":\"ListItem\",\"position\":1,\"name\":\"Anasayfa\",\"item\":\"https:\/\/home.sadullahoglu.com\/\"},{\"@type\":\"ListItem\",\"position\":2,\"name\":\"Ma\u011faza Bilgilerimiz\"}]},{\"@type\":\"WebSite\",\"@id\":\"https:\/\/home.sadullahoglu.com\/#website\",\"url\":\"https:\/\/home.sadullahoglu.com\/\",\"name\":\"Sadullaho\u011flu | Home\",\"description\":\"Sadullaho\u011flu | Home\",\"potentialAction\":[{\"@type\":\"SearchAction\",\"target\":{\"@type\":\"EntryPoint\",\"urlTemplate\":\"https:\/\/home.sadullahoglu.com\/?s={search_term_string}\"},\"query-input\":\"required name=search_term_string\"}],\"inLanguage\":\"ru-RU\"}]}<\/script>\n<!-- \/ Yoast SEO plugin. -->","yoast_head_json":{"title":"Ma\u011faza Bilgilerimiz - Sadullaho\u011flu | Home","robots":{"index":"index","follow":"follow","max-snippet":"max-snippet:-1","max-image-preview":"max-image-preview:large","max-video-preview":"max-video-preview:-1"},"canonical":"https:\/\/home.sadullahoglu.com\/ru\/magaza-bilgilerimiz\/","og_locale":"ru_RU","og_type":"article","og_title":"Ma\u011faza Bilgilerimiz - Sadullaho\u011flu | Home","og_description":"Ma\u011faza Bilgilerimiz Alanya Alfemo Showroom Ma\u011fazaCumhuriyet Mah. Selam Sokak. Oba Cad. No:2\/AAlanya \/ AntalyaTelefon: 0242 515 17 17","og_url":"https:\/\/home.sadullahoglu.com\/ru\/magaza-bilgilerimiz\/","og_site_name":"Sadullaho\u011flu | Home","article_modified_time":"2024-08-19T21:07:43+00:00","twitter_card":"summary_large_image","twitter_misc":{"\u041f\u0440\u0438\u043c\u0435\u0440\u043d\u043e\u0435 \u0432\u0440\u0435\u043c\u044f \u0434\u043b\u044f \u0447\u0442\u0435\u043d\u0438\u044f":"1 \u043c\u0438\u043d\u0443\u0442\u0430"},"schema":{"@context":"https:\/\/schema.org","@graph":[{"@type":"WebPage","@id":"https:\/\/home.sadullahoglu.com\/magaza-bilgilerimiz\/","url":"https:\/\/home.sadullahoglu.com\/magaza-bilgilerimiz\/","name":"Ma\u011faza Bilgilerimiz - Sadullaho\u011flu | Home","isPartOf":{"@id":"https:\/\/home.sadullahoglu.com\/#website"},"datePublished":"2024-08-19T00:34:49+00:00","dateModified":"2024-08-19T21:07:43+00:00","breadcrumb":{"@id":"https:\/\/home.sadullahoglu.com\/magaza-bilgilerimiz\/#breadcrumb"},"inLanguage":"ru-RU","potentialAction":[{"@type":"ReadAction","target":["https:\/\/home.sadullahoglu.com\/magaza-bilgilerimiz\/"]}]},{"@type":"BreadcrumbList","@id":"https:\/\/home.sadullahoglu.com\/magaza-bilgilerimiz\/#breadcrumb","itemListElement":[{"@type":"ListItem","position":1,"name":"Anasayfa","item":"https:\/\/home.sadullahoglu.com\/"},{"@type":"ListItem","position":2,"name":"Ma\u011faza Bilgilerimiz"}]},{"@type":"WebSite","@id":"https:\/\/home.sadullahoglu.com\/#website","url":"https:\/\/home.sadullahoglu.com\/","name":"Sadullaho\u011flu | Home","description":"Sadullaho\u011flu | Home","potentialAction":[{"@type":"SearchAction","target":{"@type":"EntryPoint","urlTemplate":"https:\/\/home.sadullahoglu.com\/?s={search_term_string}"},"query-input":"required name=search_term_string"}],"inLanguage":"ru-RU"}]}},"_links":{"self":[{"href":"https:\/\/home.sadullahoglu.com\/ru\/wp-json\/wp\/v2\/pages\/5040","targetHints":{"allow":["GET"]}}],"collection":[{"href":"https:\/\/home.sadullahoglu.com\/ru\/wp-json\/wp\/v2\/pages"}],"about":[{"href":"https:\/\/home.sadullahoglu.com\/ru\/wp-json\/wp\/v2\/types\/page"}],"author":[{"embeddable":true,"href":"https:\/\/home.sadullahoglu.com\/ru\/wp-json\/wp\/v2\/users\/1"}],"replies":[{"embeddable":true,"href":"https:\/\/home.sadullahoglu.com\/ru\/wp-json\/wp\/v2\/comments?post=5040"}],"version-history":[{"count":9,"href":"https:\/\/home.sadullahoglu.com\/ru\/wp-json\/wp\/v2\/pages\/5040\/revisions"}],"predecessor-version":[{"id":5273,"href":"https:\/\/home.sadullahoglu.com\/ru\/wp-json\/wp\/v2\/pages\/5040\/revisions\/5273"}],"wp:attachment":[{"href":"https:\/\/home.sadullahoglu.com\/ru\/wp-json\/wp\/v2\/media?parent=5040"}],"curies":[{"name":"wp","href":"https:\/\/api.w.org\/{rel}","templated":true}]}}